{"id":13631,"date":"2020-04-23T18:17:01","date_gmt":"2020-04-23T21:17:01","guid":{"rendered":"http:\/\/nandabalieiro.com.br\/blog\/?page_id=13631"},"modified":"2021-11-15T19:20:46","modified_gmt":"2021-11-15T22:20:46","slug":"contato","status":"publish","type":"page","link":"https:\/\/nandabalieiro.com.br\/blog\/contato\/","title":{"rendered":"CONTATO"},"content":{"rendered":"<p>Voc\u00ea pode mandar um email para fernandabalieiro@gmail.com ou enviar sua mensagem atrav\u00e9s do formul\u00e1rio abaixo.<\/p>\n<div class=\"wpforms-container wpforms-container-full\" id=\"wpforms-14546\"><form id=\"wpforms-form-14546\" class=\"wpforms-validate wpforms-form wpforms-ajax-form\" data-formid=\"14546\" method=\"post\" enctype=\"multipart\/form-data\" action=\"\/blog\/wp-json\/wp\/v2\/pages\/13631\" data-token=\"d3ded490ae6ddd71b410a58d1466611a\"><noscript class=\"wpforms-error-noscript\">Ative o JavaScript no seu navegador para preencher este formul\u00e1rio.<\/noscript><div class=\"wpforms-field-container\"><div id=\"wpforms-14546-field_0-container\" class=\"wpforms-field wpforms-field-name\" data-field-id=\"0\"><label class=\"wpforms-field-label\" for=\"wpforms-14546-field_0\">Nome <span class=\"wpforms-required-label\">*<\/span><\/label><div class=\"wpforms-field-row wpforms-field-medium\"><div class=\"wpforms-field-row-block wpforms-first wpforms-one-half\"><input type=\"text\" id=\"wpforms-14546-field_0\" class=\"wpforms-field-name-first wpforms-field-required\" name=\"wpforms[fields][0][first]\" required><label for=\"wpforms-14546-field_0\" class=\"wpforms-field-sublabel after \">Nome<\/label><\/div><div class=\"wpforms-field-row-block wpforms-one-half\"><input type=\"text\" id=\"wpforms-14546-field_0-last\" class=\"wpforms-field-name-last wpforms-field-required\" name=\"wpforms[fields][0][last]\" required><label for=\"wpforms-14546-field_0-last\" class=\"wpforms-field-sublabel after \">Sobrenome<\/label><\/div><\/div><\/div><div id=\"wpforms-14546-field_1-container\" class=\"wpforms-field wpforms-field-email\" data-field-id=\"1\"><label class=\"wpforms-field-label\" for=\"wpforms-14546-field_1\">Email <span class=\"wpforms-required-label\">*<\/span><\/label><input type=\"email\" id=\"wpforms-14546-field_1\" class=\"wpforms-field-medium wpforms-field-required\" name=\"wpforms[fields][1]\" spellcheck=\"false\" required><\/div><div id=\"wpforms-14546-field_2-container\" class=\"wpforms-field wpforms-field-textarea\" data-field-id=\"2\"><label class=\"wpforms-field-label\" for=\"wpforms-14546-field_2\">Envie sua mensagem <span class=\"wpforms-required-label\">*<\/span><\/label><textarea id=\"wpforms-14546-field_2\" class=\"wpforms-field-medium wpforms-field-required\" name=\"wpforms[fields][2]\" required><\/textarea><\/div><\/div><!-- .wpforms-field-container --><div class=\"wpforms-submit-container\" ><input type=\"hidden\" name=\"wpforms[id]\" value=\"14546\"><input type=\"hidden\" name=\"wpforms[author]\" value=\"1\"><button type=\"submit\" name=\"wpforms[submit]\" id=\"wpforms-submit-14546\" class=\"wpforms-submit\" data-alt-text=\"Sending...\" data-submit-text=\"Submit\" aria-live=\"assertive\" value=\"wpforms-submit\">Submit<\/button><img src=\"https:\/\/nandabalieiro.com.br\/blog\/wp-content\/plugins\/wpforms-lite\/assets\/images\/submit-spin.svg\" class=\"wpforms-submit-spinner\" style=\"display: none;\" width=\"26\" height=\"26\" alt=\"A Carregar\"><\/div><\/form><\/div>  <!-- .wpforms-container -->\n","protected":false},"excerpt":{"rendered":"<p>Voc\u00ea pode mandar um email para fernandabalieiro@gmail.com ou enviar sua mensagem atrav\u00e9s do formul\u00e1rio abaixo.<\/p>\n","protected":false},"author":1,"featured_media":0,"parent":0,"menu_order":0,"comment_status":"closed","ping_status":"closed","template":"","meta":[],"_links":{"self":[{"href":"https:\/\/nandabalieiro.com.br\/blog\/wp-json\/wp\/v2\/pages\/13631"}],"collection":[{"href":"https:\/\/nandabalieiro.com.br\/blog\/wp-json\/wp\/v2\/pages"}],"about":[{"href":"https:\/\/nandabalieiro.com.br\/blog\/wp-json\/wp\/v2\/types\/page"}],"author":[{"embeddable":true,"href":"https:\/\/nandabalieiro.com.br\/blog\/wp-json\/wp\/v2\/users\/1"}],"replies":[{"embeddable":true,"href":"https:\/\/nandabalieiro.com.br\/blog\/wp-json\/wp\/v2\/comments?post=13631"}],"version-history":[{"count":4,"href":"https:\/\/nandabalieiro.com.br\/blog\/wp-json\/wp\/v2\/pages\/13631\/revisions"}],"predecessor-version":[{"id":14548,"href":"https:\/\/nandabalieiro.com.br\/blog\/wp-json\/wp\/v2\/pages\/13631\/revisions\/14548"}],"wp:attachment":[{"href":"https:\/\/nandabalieiro.com.br\/blog\/wp-json\/wp\/v2\/media?parent=13631"}],"curies":[{"name":"wp","href":"https:\/\/api.w.org\/{rel}","templated":true}]}}