{"id":221,"date":"2007-01-16T23:20:36","date_gmt":"2007-01-17T01:20:36","guid":{"rendered":"http:\/\/nandabalieiro.org\/blog\/?page_id=221"},"modified":"2015-04-03T20:16:16","modified_gmt":"2015-04-03T20:16:16","slug":"sobre","status":"publish","type":"page","link":"https:\/\/nandabalieiro.com.br\/blog\/sobre\/","title":{"rendered":"Sobre"},"content":{"rendered":"<p>Formada e Administra\u00e7\u00e3o de Empresas &#8211; Gest\u00e3o Empresarial, com p\u00f3s em gest\u00e3o de pessoas, acha que est\u00e1 no caminho certo. Ama seu emprego e sua fam\u00edlia.\u00a0\u00a0Gosta de ficar em casa, assistir um bom filme. Quer sempre um abra\u00e7o, ter amigos, ficar na net, tomar iniciativa, ter originalidade, conversar, sorrir, dormir, ter estilo e criatividade. Chora \u00e0 toa. N\u00e3o gosta de acordar cedo. N\u00e3o vive sem m\u00fasica. Adora meias, tem um monte de meias, e dorme com meias.<\/p>\n<p style=\"text-align: justify;\">Viciada em s\u00e9ries e loucamente apaixonada por crian\u00e7as, um sorriso de beb\u00ea alegra sua alma.<\/p>\n<p style=\"text-align: justify;\">Sincera tamb\u00e9m, \u00e0s vezes, sem no\u00e7\u00e3o. \u00c9 sedent\u00e1ria, nunca gostou de fazer esporte nenhum. \u00c9 direta e indireta, n\u00e3o gosta de m\u00e1 vontade e n\u00e3o suporta prepot\u00eancia, mau humor e falsidade. Gosta de MPB, Rock e cantigas de Roda. Tem muitos sonhos, mas j\u00e1 teve muitos mais. Ama o Saramago e o Chico, muitos livros e fotografias. Gosta da sua vida do jeito que ela \u00e9, e quer sempre mais.<\/p>\n<p style=\"text-align: justify;\">N\u00e3o sabe bordar, n\u00e3o sabe costurar, n\u00e3o sabe tricotar, n\u00e3o sabe crochetar. S\u00f3 pinta \u0093o sete\u0094 e as unhas. N\u00e3o desenha, n\u00e3o dan\u00e7a, n\u00e3o canta e n\u00e3o toca nada, mas \u00e9 apaixonada por artes em geral. Fotografa mais ou menos. Adora ter, ver e sair nas fotos.<\/p>\n<p style=\"text-align: justify;\">AMA LER. N\u00e3o tem nenhum senso est\u00e9tico. <em><strong>Gosta de animais mais do que de gente. <\/strong><\/em>Cabelos n\u00e3o mais escuros e ainda compridos e um pouco acima do peso, mas quem se importa a n\u00e3o ser ela mesma? Sorrindo por dentro e por fora, mas pouca gente \u00e9 capaz de enxergar. Boa de garfo e p\u00e9ssima de fog\u00e3o.<\/p>\n<p style=\"text-align: justify;\">No bolso, pouco dinheiro, mas alguns conselhos.<\/p>\n<p style=\"text-align: justify;\">Deve, n\u00e3o nega, isso a consome e est\u00e1 sempre pagando.<\/p>\n<p style=\"text-align: justify;\">Ama incondicionalmente, mas tem calos doloridos, n\u00e3o pise. A vida pode ser cruel, mas as pessoas podem ser muito mais.<\/p>\n<p style=\"text-align: justify;\">Cobra aten\u00e7\u00e3o e boa educa\u00e7\u00e3o. D\u00e1 quem quer.<\/p>\n<p style=\"text-align: justify;\">Cobra intelig\u00eancia. D\u00e1 quem tem.<\/p>\n<p style=\"text-align: justify;\">Muito prazer!<\/p>\n<p><strong>O BLOG<\/strong><\/p>\n<hr \/>\n<p style=\"text-align: justify;\">Meu primeiro blog foi em 2000. Em um acesso de f\u00faria apaguei os arquivos, mas consegui recuperar alguns posts a partir de 2003. Migrei do <a title=\"Blogger.com\" href=\"http:\/\/www.blogger.com\" target=\"_blank\">blogger<\/a> para o <a title=\"WP\" href=\"http:\/\/wordpress.com\" target=\"_blank\">WordPress<\/a> em novembro de 2006, onde comecei dar mais aten\u00e7\u00e3o aos posts. Devido as maravilhas dessa plataforma, consegui transferir todos os arquivos do blog antigo para o novo. Foi assim que surgiu o <a title=\"Todo dia \u00e9 um novo dia...\" href=\"https:\/\/nandabalieiro.com.br\/blog\">&#8220;Todo dia \u00e9 um novo dia&#8230;&#8221;<\/a>.<\/p>\n<p>O theme atual \u00e9 o <a href=\"http:\/\/www.studiopress.com\/\" target=\"_blank\">Genesis Sample.<\/a><\/p>\n<hr \/>\n<p><strong>\u00daltimos Layouts:<\/strong><\/p>\n<p><img decoding=\"async\" class=\"size-medium wp-image-7361 aligncenter\" title=\"lay_set11\" src=\"https:\/\/nandabalieiro.com.br\/blog\/wp-content\/uploads\/2007\/01\/lay_set11-300x184.jpg\" alt=\"\" width=\"300\" height=\"184\" \/><\/p>\n<p style=\"text-align: justify;\">Theme <a href=\"http:\/\/difluir.com\/free-themes\/simple-third\/\" target=\"_blank\">Simple Third<\/a> por <a href=\"http:\/\/difluir.com\/\" target=\"_blank\">Dani &#8211; Difluir<\/a> adaptado. No ar desde ago\/2011. Os \u00edcones das redes sociais s\u00e3o do <a href=\"http:\/\/theg-force.deviantart.com\/art\/Social-Icons-hand-drawned-109467069\" target=\"_blank\">TG Force.<\/a><\/p>\n<hr \/>\n<p><img decoding=\"async\" class=\"size-medium wp-image-2996 aligncenter\" title=\"lay_set09\" src=\"https:\/\/nandabalieiro.com.br\/blog\/wp-content\/uploads\/2007\/01\/lay_set09-300x195.jpg\" alt=\"lay_set09\" width=\"300\" height=\"195\" \/><\/p>\n<p style=\"text-align: justify;\">Theme Simple 1.0 por <a href=\"http:\/\/sinopse.org\/\" target=\"_blank\">Dani.<\/a> No ar de setembro\/2009 a agosto\/2011. Cr\u00e9ditos das imagens do topo <a href=\"http:\/\/weheartit.com\/nandabalieiro\" target=\"_blank\">aqui.<\/a><\/p>\n<hr \/>\n<p><img decoding=\"async\" class=\"size-medium wp-image-2994 aligncenter\" title=\"lay09\" src=\"https:\/\/nandabalieiro.com.br\/blog\/wp-content\/uploads\/2007\/01\/lay09-300x203.jpg\" alt=\"lay09\" width=\"300\" height=\"203\" \/><\/p>\n<p style=\"text-align: justify;\"><a href=\"http:\/\/designdisease.com\/portfolio\/dilectio_wordpress_theme\/\" target=\"_blank\">Theme Dilectio<\/a>, modificado por mim. Ficou no ar de janeiro 09 at\u00e9 setembro 09. Um dos meus favoritos.<span style=\"color: #ffffff;\">.<\/span><\/p>\n<hr \/>\n<p><img decoding=\"async\" class=\"size-medium wp-image-2995 aligncenter\" title=\"lay08\" src=\"https:\/\/nandabalieiro.com.br\/blog\/wp-content\/uploads\/2007\/01\/lay08-300x202.jpg\" alt=\"lay08\" width=\"300\" height=\"202\" \/><\/p>\n<p style=\"text-align: justify;\"><a href=\"http:\/\/wpthemepark.com\/themes\/paalam\" target=\"_blank\">Theme Palaam<\/a>, modificado por mim. Ficou no ar no ano de 2008. Eu adorava esse topo. ^_^<\/p>\n","protected":false},"excerpt":{"rendered":"<p>Formada e Administra\u00e7\u00e3o de Empresas &#8211; Gest\u00e3o Empresarial, com p\u00f3s em gest\u00e3o de pessoas, acha que est\u00e1 no caminho certo. Ama seu emprego e sua fam\u00edlia.\u00a0\u00a0Gosta de ficar em casa, assistir um bom filme. Quer sempre um abra\u00e7o, ter amigos,&#8230;<\/p>\n","protected":false},"author":1,"featured_media":0,"parent":0,"menu_order":4,"comment_status":"closed","ping_status":"closed","template":"","meta":[],"_links":{"self":[{"href":"https:\/\/nandabalieiro.com.br\/blog\/wp-json\/wp\/v2\/pages\/221"}],"collection":[{"href":"https:\/\/nandabalieiro.com.br\/blog\/wp-json\/wp\/v2\/pages"}],"about":[{"href":"https:\/\/nandabalieiro.com.br\/blog\/wp-json\/wp\/v2\/types\/page"}],"author":[{"embeddable":true,"href":"https:\/\/nandabalieiro.com.br\/blog\/wp-json\/wp\/v2\/users\/1"}],"replies":[{"embeddable":true,"href":"https:\/\/nandabalieiro.com.br\/blog\/wp-json\/wp\/v2\/comments?post=221"}],"version-history":[{"count":28,"href":"https:\/\/nandabalieiro.com.br\/blog\/wp-json\/wp\/v2\/pages\/221\/revisions"}],"predecessor-version":[{"id":11266,"href":"https:\/\/nandabalieiro.com.br\/blog\/wp-json\/wp\/v2\/pages\/221\/revisions\/11266"}],"wp:attachment":[{"href":"https:\/\/nandabalieiro.com.br\/blog\/wp-json\/wp\/v2\/media?parent=221"}],"curies":[{"name":"wp","href":"https:\/\/api.w.org\/{rel}","templated":true}]}}