{"id":246,"date":"2007-03-04T17:42:38","date_gmt":"2007-03-04T19:42:38","guid":{"rendered":"http:\/\/nandabalieiro.org\/blog\/?page_id=246"},"modified":"2011-03-13T22:44:48","modified_gmt":"2011-03-14T01:44:48","slug":"livros","status":"publish","type":"page","link":"https:\/\/nandabalieiro.com.br\/blog\/livros\/","title":{"rendered":"Livros"},"content":{"rendered":"<p style=\"text-align: justify;\">Amo ler. Desde pequena viajava nas hist\u00f3rias em quadrinhos que a mami assinava para n\u00f3s (filhos). Depois que conheci o P\u00ea, a paix\u00e3o por livros foi ainda mais agu\u00e7ada; temos gostos em comum. E atrav\u00e9s dele que fui apresentada ao Saramago, ao Chico e ao Gabriel Garcia Marquez, my heroes.<\/p>\n<p style=\"text-align: justify;\">Abaixo, a lista dos livros que eu li, por ano:<\/p>\n<p style=\"text-align: justify;\">\n<h3>2010<\/h3>\n<hr \/>\n<ul>\n16. N\u00e3o h\u00e1 sil\u00eancio que n\u00e3o termine, Betancourt<br \/>\n15. Harry Potter e as Rel\u00edquias da Morte<br \/>\n14. Harry Potter e o En\u00edgma do Pr\u00edncipe<br \/>\n13. Harry Potter e a Ordem da F\u00eanix<br \/>\n12. Harry Potter e o C\u00e1lice de Fogo<br \/>\n11. Harry Potter e o Prisioneiro de Askaban<br \/>\n10. Harry Potter e a c\u00e2mara secreta<br \/>\n09. Harry Potter e a pedra filosofal<br \/>\n08. A \u00faltima m\u00fasica, Nichola Sparks<br \/>\n07. In Nomine Dei, Jos\u00e9 Saramago<br \/>\n06. Querido John, Nichola Sparks<br \/>\n05. Coraline, Neil Gaiman<br \/>\n04. Alice: as aventuras de Alice nos pa\u00eds das maravilhas e Atrav\u00e9s do espelho: o que Alice encontrou por l\u00e1<br \/>\n03. In Nomine Dei, Jos\u00e9 Saramago<br \/>\n02. O menino do pijama listrado, John Boyne<br \/>\n01. O Jogo do Anjo, Carlos Ruiz Zafon<\/ul>\n<h3>2009<\/h3>\n<hr \/>\n<ul> 08. Michael Jackson: a magia e a loucura, J. Randy<br \/>\n07. Leite Derramado, Chico Buarque<br \/>\n06. Amanhecer, Stephenie Meyer<br \/>\n05. Eclipse, Stephenie Meyer<br \/>\n04. Lua Nova, Stephenie Meyer<br \/>\n03. Crep\u00fasculo, Stephenie Meyer<br \/>\n02. A viagem do elefante, Jos\u00e9 Saramago<br \/>\n01. A sombra do vento, Carlos R. Zafon<\/ul>\n<h3>2008<\/h3>\n<hr \/>\n<ul> [10\/2008]- Doidas e Santas, Martha Medeiros<br \/>\n[09\/2008]- O Guardi\u00e3o de Mem\u00f3rias, Kim Edwards<br \/>\n[07\/2008] &#8211; A Cidade do Sol, Khaled Hosseini<br \/>\n[05\/2008] &#8211; Do amor e outros dem\u00f4nios, Gabriel Garcia Marquez<br \/>\n[02\/2008] &#8211; O mensageiro, Markus Zusak,<br \/>\n[01\/2008] &#8211; Harry Potter e as Rel\u00edquias de Morte, J.K. Rowling<\/ul>\n<h3>2007<\/h3>\n<hr \/>\n<ul>\n<p style=\"text-align: left;\">[12\/2007] &#8211; A menina que roubava livros, MARKUS ZUSAK<br \/>\n[12\/2007] &#8211; Uma esperan\u00e7a de paz, Sandy Tolan<br \/>\n[08\/2007] &#8211; Os Sofrimentos do Jovem Werther, JOHANN WOLFGANG VON GOETHE<br \/>\n[07\/2007] &#8211; Marley e Eu: a Vida e o Amor ao Lado do Pior C\u00e3o do Mundo, John Grogan<br \/>\n[07\/2007] &#8211; O Segredo, Rhonda Byrne<br \/>\n<a title=\"Desvendando os segredos da linguagem corporal\" href=\"https:\/\/nandabalieiro.com.br\/blog\/?p=289\" target=\"_blank\"> [06\/2007] &#8211; Desvendando os Segredos da Linguagem Corporal, Allan e Barbara Pease<\/a><br \/>\n[04\/2007] &#8211; Tantas Palavras, Chico Buarque<br \/>\n[04\/2007] &#8211; A Cura de Schopenhauer, Yrvin D. Yalom<br \/>\n[03\/2007] &#8211; Paraiso, Tony Morrison<br \/>\n<a href=\"https:\/\/nandabalieiro.com.br\/blog\/?p=223\">[01\/2007] &#8211; Todos os Nomes, Jos\u00e9 Saramago<\/a><\/p>\n<\/ul>\n<h3>Outros Lidos\/Relidos (* Lidos em 2006)<\/h3>\n<hr \/>\n<ul> A Caverna, Jos\u00e9 Saramago<br \/>\nA Hora da Estrela, Clarice Lispector<br \/>\nA M\u00e3o e a Luva, Machado de Assis<br \/>\nA Metamorfose, Franz Kafka<br \/>\n* As Pequenas Mem\u00f3rias, Jos\u00e9 Saramago<br \/>\n* Anjos e Dem\u00f4nios, Dan Brown<br \/>\n*As Intermit\u00eancias da Morte, Jos\u00e9 Saramago<br \/>\nBenjamim, Chico Buarque<br \/>\nBudapeste, Chico Buarque<br \/>\nCalabar, Chico Buarque<br \/>\n* Casais Inteligentes Enriquecem Juntos, Gustavo Cerbasi<br \/>\n* Cem Anos de Solid\u00e3o, Gabriel Garcia Marquez<br \/>\n* Como se tornar um l\u00edder servidor, James C. Hunter<br \/>\nDon Giovanni ou O Dissoluto Absolvido,Jos\u00e9 Saramago<br \/>\nEnsaio Sobre a Cegueira, Jos\u00e9 Saramago<br \/>\nEnsaio Sobre a Lucidez, Jos\u00e9 Saramago<br \/>\nEsta\u00e7\u00e3o Carandir\u00fa, Drauzio Varella<br \/>\nEstorvo, Chico Buarque<br \/>\nGota D\u00b4Agua, Chico Buarque<br \/>\nHarry Potter e a C\u00e2mara Secreta, J.K. Rowling<br \/>\nHarry Potter e a Ordem da F\u00eanix, J.K. Rowling<br \/>\nHarry Potter e a Pedra Filosofal, J.K. Rowling<br \/>\nHarry Potter e o C\u00e1lice de Fogo, J.K. Rowling<br \/>\n* Harry Potter e o En\u00edgma do Pr\u00edncipe, J. K. Rowling<br \/>\nHarry Potter e o Prisioneiro de Askaban, J.K. Rowling<br \/>\nMem\u00f3rias de Minhas Putas Tristes, Gabriel Garcia Marquez<br \/>\nNunca Desista de Seus Sonhos, Augusto Cury<br \/>\n* O Amor nos Tempos do C\u00f3lera, Gabriel Garcia Marquez<br \/>\nO Ano da Morte de Ricardo Reis, Jos\u00e9 Saramago<span style=\"font-size: 95%;\"><br \/>\n* O Ca\u00e7ador de Pipas, Khaled Hosseini<br \/>\n* O C\u00f3digo Da Vinci, Dan Brown<br \/>\n* O Evangelho Segundo Jesus Cristo, Jos\u00e9 Saramago<br \/>\nO Di\u00e1rio de Anne Frank, Anne Frank<br \/>\n* O Monge e o Executivo,James C. Hunter<br \/>\n\u00d3pera do Malandro, Chico Buarque<br \/>\nPais Brilhantes, Professores Fascinantes,Augusto Cury<br \/>\n* Quando Nietzsche Chorou, Irvin D. Yalom<br \/>\nQuem mexeu no meu queijo?, Spencer Johnson<br \/>\nUm Amor, Dino Buzzati <\/span><\/ul>\n","protected":false},"excerpt":{"rendered":"<p>Amo ler. Desde pequena viajava nas hist\u00f3rias em quadrinhos que a mami assinava para n\u00f3s (filhos). Depois que conheci o P\u00ea, a paix\u00e3o por livros foi ainda mais agu\u00e7ada; temos gostos em comum. E atrav\u00e9s dele que fui apresentada ao&#8230;<\/p>\n","protected":false},"author":2,"featured_media":0,"parent":0,"menu_order":2,"comment_status":"open","ping_status":"open","template":"","meta":[],"_links":{"self":[{"href":"https:\/\/nandabalieiro.com.br\/blog\/wp-json\/wp\/v2\/pages\/246"}],"collection":[{"href":"https:\/\/nandabalieiro.com.br\/blog\/wp-json\/wp\/v2\/pages"}],"about":[{"href":"https:\/\/nandabalieiro.com.br\/blog\/wp-json\/wp\/v2\/types\/page"}],"author":[{"embeddable":true,"href":"https:\/\/nandabalieiro.com.br\/blog\/wp-json\/wp\/v2\/users\/2"}],"replies":[{"embeddable":true,"href":"https:\/\/nandabalieiro.com.br\/blog\/wp-json\/wp\/v2\/comments?post=246"}],"version-history":[{"count":2,"href":"https:\/\/nandabalieiro.com.br\/blog\/wp-json\/wp\/v2\/pages\/246\/revisions"}],"predecessor-version":[{"id":5989,"href":"https:\/\/nandabalieiro.com.br\/blog\/wp-json\/wp\/v2\/pages\/246\/revisions\/5989"}],"wp:attachment":[{"href":"https:\/\/nandabalieiro.com.br\/blog\/wp-json\/wp\/v2\/media?parent=246"}],"curies":[{"name":"wp","href":"https:\/\/api.w.org\/{rel}","templated":true}]}}